{"id":439,"date":"2017-04-26T09:46:09","date_gmt":"2017-04-26T07:46:09","guid":{"rendered":"http:\/\/agilerasmus.com\/wordpress\/?page_id=439"},"modified":"2017-04-26T11:55:11","modified_gmt":"2017-04-26T09:55:11","slug":"mach","status":"publish","type":"page","link":"https:\/\/agilerasmus.com\/wordpress\/mach\/","title":{"rendered":"MACH"},"content":{"rendered":"<h2>Midtjysk Agil Coach Hangout<\/h2>\n<h3>M\u00f8der<\/h3>\n<ol>\n<li>9. maj, 2017: Bankdata, Silkeborg. Tilmelding her: <a href=\"https:\/\/www.eventbrite.com\/e\/midtjysk-agile-coach-hangout-tickets-33983983008\">https:\/\/www.eventbrite.com\/e\/midtjysk-agile-coach-hangout-tickets-33983983008<\/a><\/li>\n<\/ol>\n<h3>Netv\u00e6rksmedlemmer<\/h3>\n<ol>\n<li>Ole Rich Henningsen, Alterate<\/li>\n<li>Morten Grantzau, Testhuset<\/li>\n<li>Flemming Nielsen, Jyske Bank<\/li>\n<li>Christina Aunsholt, JN Data<\/li>\n<li>Finn Leander, Danske Bank<\/li>\n<li>Simon Kunddal, Danske Bank<\/li>\n<li>Jan B Olsen, Danske Bank<\/li>\n<li>Bent Myllerup, agile42<\/li>\n<li>S\u00f8ren Weiss, version1<\/li>\n<li>Aino Corry, Metadeveloper<\/li>\n<li>Henrik Marcussen, Freelance<\/li>\n<li>Morten Norre, Agile Innovation<\/li>\n<li>Thomas Kofoed<\/li>\n<li>Jan M\u00f8lgaard, BEC<\/li>\n<li>Thommas Ottsen, Ousia<\/li>\n<li>Hans Marius Rasmussen, Dansk Supermarked Group<\/li>\n<li>Thomas Winterberg, Convenio<\/li>\n<li>Jesper Boeg, Agileupgrade<\/li>\n<li>Lars Behn-Segall, Bankdata<\/li>\n<li>Rasmus Kaae, Bankdata<\/li>\n<li>Katrine Hald Keldsen, Bankdata<\/li>\n<\/ol>\n<p>Vil du p\u00e5 listen? S\u00e5 send en mail til rasmus@3kings.dk<\/p>\n<p>&nbsp;<\/p>\n<!-- AddThis Advanced Settings generic via filter on the_content --><!-- AddThis Share Buttons generic via filter on the_content -->","protected":false},"excerpt":{"rendered":"<p>Midtjysk Agil Coach Hangout M\u00f8der 9. maj, 2017: Bankdata, Silkeborg. Tilmelding her: https:\/\/www.eventbrite.com\/e\/midtjysk-agile-coach-hangout-tickets-33983983008 Netv\u00e6rksmedlemmer Ole Rich Henningsen, Alterate Morten Grantzau, Testhuset Flemming Nielsen, Jyske Bank Christina Aunsholt, JN Data Finn Leander, Danske Bank Simon Kunddal,&#8230;<!-- AddThis Advanced Settings generic via filter on get_the_excerpt --><!-- AddThis Share Buttons generic via filter on get_the_excerpt --><\/p>\n","protected":false},"author":1,"featured_media":0,"parent":0,"menu_order":0,"comment_status":"closed","ping_status":"closed","template":"","meta":{"spay_email":""},"yoast_head":"<!-- This site is optimized with the Yoast SEO plugin v17.8 - https:\/\/yoast.com\/wordpress\/plugins\/seo\/ -->\n<title>MACH - @agilerasmus<\/title>\n<meta name=\"robots\" content=\"index, follow, max-snippet:-1, max-image-preview:large, max-video-preview:-1\" \/>\n<link rel=\"canonical\" href=\"https:\/\/agilerasmus.com\/wordpress\/mach\/\" \/>\n<meta property=\"og:locale\" content=\"en_GB\" \/>\n<meta property=\"og:type\" content=\"article\" \/>\n<meta property=\"og:title\" content=\"MACH - @agilerasmus\" \/>\n<meta property=\"og:description\" content=\"Midtjysk Agil Coach Hangout M\u00f8der 9. maj, 2017: Bankdata, Silkeborg. Tilmelding her: https:\/\/www.eventbrite.com\/e\/midtjysk-agile-coach-hangout-tickets-33983983008 Netv\u00e6rksmedlemmer Ole Rich Henningsen, Alterate Morten Grantzau, Testhuset Flemming Nielsen, Jyske Bank Christina Aunsholt, JN Data Finn Leander, Danske Bank Simon Kunddal,...\" \/>\n<meta property=\"og:url\" content=\"https:\/\/agilerasmus.com\/wordpress\/mach\/\" \/>\n<meta property=\"og:site_name\" content=\"@agilerasmus\" \/>\n<meta property=\"article:modified_time\" content=\"2017-04-26T09:55:11+00:00\" \/>\n<meta name=\"twitter:card\" content=\"summary_large_image\" \/>\n<meta name=\"twitter:label1\" content=\"Estimated reading time\" \/>\n\t<meta name=\"twitter:data1\" content=\"1 minute\" \/>\n<script type=\"application\/ld+json\" class=\"yoast-schema-graph\">{\"@context\":\"https:\/\/schema.org\",\"@graph\":[{\"@type\":\"WebSite\",\"@id\":\"https:\/\/agilerasmus.com\/wordpress\/#website\",\"url\":\"https:\/\/agilerasmus.com\/wordpress\/\",\"name\":\"@agilerasmus\",\"description\":\"agile coach, trainer and scrum master\",\"potentialAction\":[{\"@type\":\"SearchAction\",\"target\":{\"@type\":\"EntryPoint\",\"urlTemplate\":\"https:\/\/agilerasmus.com\/wordpress\/?s={search_term_string}\"},\"query-input\":\"required name=search_term_string\"}],\"inLanguage\":\"en-GB\"},{\"@type\":\"WebPage\",\"@id\":\"https:\/\/agilerasmus.com\/wordpress\/mach\/#webpage\",\"url\":\"https:\/\/agilerasmus.com\/wordpress\/mach\/\",\"name\":\"MACH - @agilerasmus\",\"isPartOf\":{\"@id\":\"https:\/\/agilerasmus.com\/wordpress\/#website\"},\"datePublished\":\"2017-04-26T07:46:09+00:00\",\"dateModified\":\"2017-04-26T09:55:11+00:00\",\"breadcrumb\":{\"@id\":\"https:\/\/agilerasmus.com\/wordpress\/mach\/#breadcrumb\"},\"inLanguage\":\"en-GB\",\"potentialAction\":[{\"@type\":\"ReadAction\",\"target\":[\"https:\/\/agilerasmus.com\/wordpress\/mach\/\"]}]},{\"@type\":\"BreadcrumbList\",\"@id\":\"https:\/\/agilerasmus.com\/wordpress\/mach\/#breadcrumb\",\"itemListElement\":[{\"@type\":\"ListItem\",\"position\":1,\"name\":\"Home\",\"item\":\"https:\/\/agilerasmus.com\/wordpress\/\"},{\"@type\":\"ListItem\",\"position\":2,\"name\":\"MACH\"}]}]}<\/script>\n<!-- \/ Yoast SEO plugin. -->","yoast_head_json":{"title":"MACH - @agilerasmus","robots":{"index":"index","follow":"follow","max-snippet":"max-snippet:-1","max-image-preview":"max-image-preview:large","max-video-preview":"max-video-preview:-1"},"canonical":"https:\/\/agilerasmus.com\/wordpress\/mach\/","og_locale":"en_GB","og_type":"article","og_title":"MACH - @agilerasmus","og_description":"Midtjysk Agil Coach Hangout M\u00f8der 9. maj, 2017: Bankdata, Silkeborg. Tilmelding her: https:\/\/www.eventbrite.com\/e\/midtjysk-agile-coach-hangout-tickets-33983983008 Netv\u00e6rksmedlemmer Ole Rich Henningsen, Alterate Morten Grantzau, Testhuset Flemming Nielsen, Jyske Bank Christina Aunsholt, JN Data Finn Leander, Danske Bank Simon Kunddal,...","og_url":"https:\/\/agilerasmus.com\/wordpress\/mach\/","og_site_name":"@agilerasmus","article_modified_time":"2017-04-26T09:55:11+00:00","twitter_card":"summary_large_image","twitter_misc":{"Estimated reading time":"1 minute"},"schema":{"@context":"https:\/\/schema.org","@graph":[{"@type":"WebSite","@id":"https:\/\/agilerasmus.com\/wordpress\/#website","url":"https:\/\/agilerasmus.com\/wordpress\/","name":"@agilerasmus","description":"agile coach, trainer and scrum master","potentialAction":[{"@type":"SearchAction","target":{"@type":"EntryPoint","urlTemplate":"https:\/\/agilerasmus.com\/wordpress\/?s={search_term_string}"},"query-input":"required name=search_term_string"}],"inLanguage":"en-GB"},{"@type":"WebPage","@id":"https:\/\/agilerasmus.com\/wordpress\/mach\/#webpage","url":"https:\/\/agilerasmus.com\/wordpress\/mach\/","name":"MACH - @agilerasmus","isPartOf":{"@id":"https:\/\/agilerasmus.com\/wordpress\/#website"},"datePublished":"2017-04-26T07:46:09+00:00","dateModified":"2017-04-26T09:55:11+00:00","breadcrumb":{"@id":"https:\/\/agilerasmus.com\/wordpress\/mach\/#breadcrumb"},"inLanguage":"en-GB","potentialAction":[{"@type":"ReadAction","target":["https:\/\/agilerasmus.com\/wordpress\/mach\/"]}]},{"@type":"BreadcrumbList","@id":"https:\/\/agilerasmus.com\/wordpress\/mach\/#breadcrumb","itemListElement":[{"@type":"ListItem","position":1,"name":"Home","item":"https:\/\/agilerasmus.com\/wordpress\/"},{"@type":"ListItem","position":2,"name":"MACH"}]}]}},"jetpack_sharing_enabled":true,"jetpack_shortlink":"https:\/\/wp.me\/P8dzln-75","jetpack-related-posts":[{"id":31,"url":"https:\/\/agilerasmus.com\/wordpress\/","url_meta":{"origin":439,"position":0},"title":"AgileRasmus","date":"December 16, 2016","format":false,"excerpt":"Rasmus Kaae is working world wide as an agile coach, mentor, presenter, facilitator and trainer. Being certified Scrum Master, Scrum Product Owner and Scrum Professional, Rasmus is dedicated to bring Scrum and agility into organisations by having a full stack end-to-end and top-to-bottom approach. As a trainer, Rasmus brings his\u2026","rel":"","context":"Similar post","img":{"alt_text":"","src":"","width":0,"height":0},"classes":[]},{"id":988,"url":"https:\/\/agilerasmus.com\/wordpress\/articles\/","url_meta":{"origin":439,"position":1},"title":"Articles","date":"February 16, 2021","format":false,"excerpt":"Over the years I have generated a set of technical and non-technical articles. I have tried to collect them here: 2001: Using design patterns in game engines (C++)Download 2001: OpenGL p\u00e5 dansk (C\/C++)Download 2005: KALCHAS - a Dynamic Full-Text XML Search Engine (C\/C++)Download 2005: Templated Burrows-Wheeler transformation (C++)Download 2006: Templates\u2026","rel":"","context":"Similar post","img":{"alt_text":"","src":"","width":0,"height":0},"classes":[]},{"id":930,"url":"https:\/\/agilerasmus.com\/wordpress\/agile-on-demand\/","url_meta":{"origin":439,"position":2},"title":"AgileOnDemand.dk","date":"April 28, 2020","format":false,"excerpt":"https:\/\/youtu.be\/rvp5DjMor3M Er du Scrum Master, Product Owner, Team Medlem, Agil Leder eller Agilist? S\u00e5 er dette vejen til at l\u00e6re om: Sunde m\u00e5lSkaleringRigtig backlogGod planFlow konceptBedre scrum Indtast dine oplysninger nedenfor og f\u00e5 information om video, fysisk bog samt sparring med mig:","rel":"","context":"Similar post","img":{"alt_text":"","src":"https:\/\/i1.wp.com\/img.youtube.com\/vi\/rvp5DjMor3M\/0.jpg?resize=350%2C200","width":350,"height":200},"classes":[]}],"_links":{"self":[{"href":"https:\/\/agilerasmus.com\/wordpress\/wp-json\/wp\/v2\/pages\/439"}],"collection":[{"href":"https:\/\/agilerasmus.com\/wordpress\/wp-json\/wp\/v2\/pages"}],"about":[{"href":"https:\/\/agilerasmus.com\/wordpress\/wp-json\/wp\/v2\/types\/page"}],"author":[{"embeddable":true,"href":"https:\/\/agilerasmus.com\/wordpress\/wp-json\/wp\/v2\/users\/1"}],"replies":[{"embeddable":true,"href":"https:\/\/agilerasmus.com\/wordpress\/wp-json\/wp\/v2\/comments?post=439"}],"version-history":[{"count":6,"href":"https:\/\/agilerasmus.com\/wordpress\/wp-json\/wp\/v2\/pages\/439\/revisions"}],"predecessor-version":[{"id":449,"href":"https:\/\/agilerasmus.com\/wordpress\/wp-json\/wp\/v2\/pages\/439\/revisions\/449"}],"wp:attachment":[{"href":"https:\/\/agilerasmus.com\/wordpress\/wp-json\/wp\/v2\/media?parent=439"}],"curies":[{"name":"wp","href":"https:\/\/api.w.org\/{rel}","templated":true}]}}